{"id":316,"date":"2021-06-22T11:15:40","date_gmt":"2021-06-22T09:15:40","guid":{"rendered":"http:\/\/trissage.fr\/?page_id=316"},"modified":"2021-06-22T11:15:40","modified_gmt":"2021-06-22T09:15:40","slug":"la-grotte-aux-esprits","status":"publish","type":"page","link":"https:\/\/trissage.fr\/?page_id=316","title":{"rendered":"La grotte aux esprits"},"content":{"rendered":"\n<p>Les peintures rupestres des grottes orn\u00e9es datent de plusieurs dizaines de milliers d\u2019ann\u00e9es. Nous ne savons pas avec certitude d\u00e9chiffrer le sens de ces dessins. Premi\u00e8re forme connue d\u2019expression artistique, sc\u00e8nes de chasses, bestiaires, gratitude ou d\u00e9votion aux esprits des animaux&nbsp;? Aujourd\u2019hui ces peintures nous fascinent. Elles sont une part lointaine de l\u2019identit\u00e9 de l\u2019Humain. Elles interrogent notre rapport au temps, dans une \u00e9poque qui semble se fuir elle-m\u00eame tellement elle acc\u00e9l\u00e8re.<\/p>\n\n\n\n<figure class=\"wp-block-image size-large\"><img loading=\"lazy\" decoding=\"async\" width=\"1024\" height=\"670\" src=\"https:\/\/trissage.fr\/wp-content\/uploads\/2021\/06\/P1020502-1024x670.jpg\" alt=\"Peau 2\" class=\"wp-image-314\" srcset=\"https:\/\/trissage.fr\/wp-content\/uploads\/2021\/06\/P1020502-1024x670.jpg 1024w, https:\/\/trissage.fr\/wp-content\/uploads\/2021\/06\/P1020502-300x196.jpg 300w, https:\/\/trissage.fr\/wp-content\/uploads\/2021\/06\/P1020502-768x502.jpg 768w, https:\/\/trissage.fr\/wp-content\/uploads\/2021\/06\/P1020502-1536x1004.jpg 1536w, https:\/\/trissage.fr\/wp-content\/uploads\/2021\/06\/P1020502-2048x1339.jpg 2048w\" sizes=\"auto, (max-width: 1024px) 100vw, 1024px\" \/><\/figure>\n\n\n\n<p>Les rituels chamaniques tels que d\u00e9crits par l\u2019ethnologie sont des rituels de n\u00e9gociation. N\u00e9gociation avec les esprits de la nature qui peuvent \u00eatre g\u00e9n\u00e9reux si l\u2019on leur octroie une contrepartie, qui peuvent \u00eatre cruels si l\u2019on ne remplit pas sa part du march\u00e9. Ils s\u2019ins\u00e8rent toujours au sein d\u2019une organisation sociale et d\u2019une relation avec un environnement particulier.<\/p>\n\n\n\n<figure class=\"wp-block-image size-large\"><img loading=\"lazy\" decoding=\"async\" width=\"1024\" height=\"683\" src=\"https:\/\/trissage.fr\/wp-content\/uploads\/2021\/06\/P1020501-1024x683.jpg\" alt=\"Peau 1\" class=\"wp-image-313\" srcset=\"https:\/\/trissage.fr\/wp-content\/uploads\/2021\/06\/P1020501-1024x683.jpg 1024w, https:\/\/trissage.fr\/wp-content\/uploads\/2021\/06\/P1020501-300x200.jpg 300w, https:\/\/trissage.fr\/wp-content\/uploads\/2021\/06\/P1020501-768x512.jpg 768w, https:\/\/trissage.fr\/wp-content\/uploads\/2021\/06\/P1020501-1536x1024.jpg 1536w, https:\/\/trissage.fr\/wp-content\/uploads\/2021\/06\/P1020501-2048x1365.jpg 2048w\" sizes=\"auto, (max-width: 1024px) 100vw, 1024px\" \/><\/figure>\n\n\n\n<p>Aujourd\u2019hui nous ne sommes plus les chasseurs qui n\u00e9gocient avec les esprits des animaux pour s\u2019assurer une bonne prise. Nous sommes devenus les proies, chass\u00e9es par des algorithmes, esprits de notre \u00e9poque qui s\u2019immiscent jusque dans notre intimit\u00e9. Ils influencent nos go\u00fbts et nos comportements. Ils deviennent de nouveaux guides pour nous rendre plus efficaces, nous \u00e9viter de choisir tout en nous donnant l\u2019illusion de le faire, nous apporter notre suppl\u00e9ment de dopamine \u00e0 chaque notification. En nous indiquant le chemin le plus court, ne d\u00e9truisent-ils pas les d\u00e9tours po\u00e9tiques, le hasard, les errances nourrici\u00e8res&nbsp;? Ils semblent vouloir devenir notre nouvelle transcendance.<\/p>\n\n\n\n<figure class=\"wp-block-image size-large\"><img loading=\"lazy\" decoding=\"async\" width=\"1024\" height=\"683\" src=\"https:\/\/trissage.fr\/wp-content\/uploads\/2021\/06\/P1020513-1024x683.jpg\" alt=\"Grotte\" class=\"wp-image-315\" srcset=\"https:\/\/trissage.fr\/wp-content\/uploads\/2021\/06\/P1020513-1024x683.jpg 1024w, https:\/\/trissage.fr\/wp-content\/uploads\/2021\/06\/P1020513-300x200.jpg 300w, https:\/\/trissage.fr\/wp-content\/uploads\/2021\/06\/P1020513-768x512.jpg 768w, https:\/\/trissage.fr\/wp-content\/uploads\/2021\/06\/P1020513-1536x1024.jpg 1536w, https:\/\/trissage.fr\/wp-content\/uploads\/2021\/06\/P1020513-2048x1365.jpg 2048w\" sizes=\"auto, (max-width: 1024px) 100vw, 1024px\" \/><\/figure>\n\n\n\n<p>La grotte aux esprits est une bulle de lenteur, un lieu d\u2019immersion o\u00f9 des algorithmes inoffensifs guident les changements de couleurs de centaines de petites diodes \u00e9lectroluminescentes. Ces lumi\u00e8res sont projet\u00e9es sur des peaux de b\u00eates. Elles reproduisent le rythme lent des nuages sur des \u00e9crans organiques et r\u00e9int\u00e8grent une part d\u2019al\u00e9a pour cr\u00e9er des sc\u00e9nographies vivantes.<\/p>\n\n\n\n<p>Cette grotte programm\u00e9e est une tentative de connexion \u00e0 notre part animale, de r\u00e9conciliation entre nos outils modernes et notre capacit\u00e9 \u00e0 la contemplation.<\/p>\n","protected":false},"excerpt":{"rendered":"<p>Les peintures rupestres des grottes orn\u00e9es datent de plusieurs dizaines de milliers d\u2019ann\u00e9es. Nous ne savons pas avec certitude d\u00e9chiffrer le sens de ces dessins. Premi\u00e8re forme connue d\u2019expression artistique, sc\u00e8nes de chasses, bestiaires, gratitude ou d\u00e9votion aux esprits des animaux&nbsp;? Aujourd\u2019hui ces peintures nous fascinent. Elles sont une part lointaine de l\u2019identit\u00e9 de l\u2019Humain.&hellip; <a class=\"more-link\" href=\"https:\/\/trissage.fr\/?page_id=316\">Poursuivre la lecture <span class=\"screen-reader-text\">La grotte aux esprits<\/span><\/a><\/p>\n","protected":false},"author":3,"featured_media":0,"parent":0,"menu_order":0,"comment_status":"closed","ping_status":"closed","template":"","meta":{"footnotes":""},"class_list":["post-316","page","type-page","status-publish","hentry","entry"],"_links":{"self":[{"href":"https:\/\/trissage.fr\/index.php?rest_route=\/wp\/v2\/pages\/316","targetHints":{"allow":["GET"]}}],"collection":[{"href":"https:\/\/trissage.fr\/index.php?rest_route=\/wp\/v2\/pages"}],"about":[{"href":"https:\/\/trissage.fr\/index.php?rest_route=\/wp\/v2\/types\/page"}],"author":[{"embeddable":true,"href":"https:\/\/trissage.fr\/index.php?rest_route=\/wp\/v2\/users\/3"}],"replies":[{"embeddable":true,"href":"https:\/\/trissage.fr\/index.php?rest_route=%2Fwp%2Fv2%2Fcomments&post=316"}],"version-history":[{"count":2,"href":"https:\/\/trissage.fr\/index.php?rest_route=\/wp\/v2\/pages\/316\/revisions"}],"predecessor-version":[{"id":319,"href":"https:\/\/trissage.fr\/index.php?rest_route=\/wp\/v2\/pages\/316\/revisions\/319"}],"wp:attachment":[{"href":"https:\/\/trissage.fr\/index.php?rest_route=%2Fwp%2Fv2%2Fmedia&parent=316"}],"curies":[{"name":"wp","href":"https:\/\/api.w.org\/{rel}","templated":true}]}}