{"id":638,"date":"2023-07-25T13:24:19","date_gmt":"2023-07-25T11:24:19","guid":{"rendered":"https:\/\/trissage.fr\/?page_id=638"},"modified":"2025-05-04T14:48:47","modified_gmt":"2025-05-04T12:48:47","slug":"boutique","status":"publish","type":"page","link":"https:\/\/trissage.fr\/?page_id=638","title":{"rendered":"Boutique"},"content":{"rendered":"\n<div style=\"height:100px\" aria-hidden=\"true\" class=\"wp-block-spacer\"><\/div>\n\n\n\n<p>Les tambours luminescents sont des pi\u00e8ces uniques et originales.<\/p>\n\n\n\n<p>Ils sont d\u00e9clin\u00e9s en diff\u00e9rentes tailles&nbsp;: 25, 30, 35, 45 et 55 cm.<br><br>Les tarifs vont de 160 \u00e0 850 euros, selon la taille, le motif, la qualit\u00e9 du parchemin etc.<\/p>\n\n\n\n<p>Ils peuvent \u00eatre d\u00e9couverts directement \u00e0 l\u2019atelier au <br>49 rue Ramponeau 75020 Paris<\/p>\n\n\n\n<p>Ils peuvent aussi \u00eatre command\u00e9s en prenant <a href=\"https:\/\/trissage.fr\/?page_id=113\" data-type=\"URL\" data-id=\"https:\/\/trissage.fr\/?page_id=113\">contact<\/a> par mail ou t\u00e9l\u00e9phone.<\/p>\n\n\n\n<p>Enfin il est possible de faire des commandes personnalis\u00e9es \u00e0 partir d\u2019un dessin ou d\u2019une id\u00e9e.<\/p>\n\n\n\n<p>Pour tout renseignement (prix, disponibilit\u00e9s etc.) ou prendre rendez-vous pour une visite \u00e0 l&rsquo;atelier : <a href=\"https:\/\/trissage.fr\/?page_id=113\" data-type=\"URL\" data-id=\"https:\/\/trissage.fr\/?page_id=113\">contact<\/a><\/p>\n\n\n\n<p><\/p>\n","protected":false},"excerpt":{"rendered":"<p>Les tambours luminescents sont des pi\u00e8ces uniques et originales. Ils sont d\u00e9clin\u00e9s en diff\u00e9rentes tailles&nbsp;: 25, 30, 35, 45 et 55 cm. Les tarifs vont de 160 \u00e0 850 euros, selon la taille, le motif, la qualit\u00e9 du parchemin etc. Ils peuvent \u00eatre d\u00e9couverts directement \u00e0 l\u2019atelier au 49 rue Ramponeau 75020 Paris Ils peuvent&hellip; <a class=\"more-link\" href=\"https:\/\/trissage.fr\/?page_id=638\">Poursuivre la lecture <span class=\"screen-reader-text\">Boutique<\/span><\/a><\/p>\n","protected":false},"author":3,"featured_media":0,"parent":0,"menu_order":0,"comment_status":"closed","ping_status":"closed","template":"","meta":{"footnotes":""},"class_list":["post-638","page","type-page","status-publish","hentry","entry"],"_links":{"self":[{"href":"https:\/\/trissage.fr\/index.php?rest_route=\/wp\/v2\/pages\/638","targetHints":{"allow":["GET"]}}],"collection":[{"href":"https:\/\/trissage.fr\/index.php?rest_route=\/wp\/v2\/pages"}],"about":[{"href":"https:\/\/trissage.fr\/index.php?rest_route=\/wp\/v2\/types\/page"}],"author":[{"embeddable":true,"href":"https:\/\/trissage.fr\/index.php?rest_route=\/wp\/v2\/users\/3"}],"replies":[{"embeddable":true,"href":"https:\/\/trissage.fr\/index.php?rest_route=%2Fwp%2Fv2%2Fcomments&post=638"}],"version-history":[{"count":3,"href":"https:\/\/trissage.fr\/index.php?rest_route=\/wp\/v2\/pages\/638\/revisions"}],"predecessor-version":[{"id":666,"href":"https:\/\/trissage.fr\/index.php?rest_route=\/wp\/v2\/pages\/638\/revisions\/666"}],"wp:attachment":[{"href":"https:\/\/trissage.fr\/index.php?rest_route=%2Fwp%2Fv2%2Fmedia&parent=638"}],"curies":[{"name":"wp","href":"https:\/\/api.w.org\/{rel}","templated":true}]}}